{"id":3029,"date":"2024-06-10T11:25:43","date_gmt":"2024-06-10T11:25:43","guid":{"rendered":"https:\/\/bum-apeiron.com\/?page_id=3029"},"modified":"2024-07-23T10:17:06","modified_gmt":"2024-07-23T10:17:06","slug":"zbornici-proceedings","status":"publish","type":"page","link":"https:\/\/bum-apeiron.com\/index.php\/zbornici-proceedings\/","title":{"rendered":"Zbornici-Proceedings"},"content":{"rendered":"\t\t<div data-elementor-type=\"wp-page\" data-elementor-id=\"3029\" class=\"elementor elementor-3029\" data-elementor-settings=\"{&quot;ha_cmc_init_switcher&quot;:&quot;no&quot;}\">\n\t\t\t\t\t\t<section class=\"elementor-section elementor-top-section elementor-element elementor-element-b53882a elementor-section-height-min-height elementor-section-full_width elementor-hidden-tablet elementor-hidden-mobile elementor-section-height-default elementor-section-items-middle wpr-particle-no wpr-jarallax-no wpr-parallax-no wpr-sticky-section-no\" data-id=\"b53882a\" data-element_type=\"section\" data-settings=\"{&quot;background_background&quot;:&quot;classic&quot;,&quot;_ha_eqh_enable&quot;:false}\">\n\t\t\t\t\t\t<div class=\"elementor-container elementor-column-gap-default\">\n\t\t\t\t\t<div class=\"elementor-column elementor-col-100 elementor-top-column elementor-element elementor-element-af4c0ae\" data-id=\"af4c0ae\" data-element_type=\"column\">\n\t\t\t<div class=\"elementor-widget-wrap elementor-element-populated\">\n\t\t\t\t\t\t<div class=\"elementor-element elementor-element-682878e elementor-widget elementor-widget-heading\" data-id=\"682878e\" data-element_type=\"widget\" data-widget_type=\"heading.default\">\n\t\t\t\t<div class=\"elementor-widget-container\">\n\t\t\t\t\t<h2 class=\"elementor-heading-title elementor-size-default\">ZBORNICI-PROCEEDINGS<\/h2>\t\t\t\t<\/div>\n\t\t\t\t<\/div>\n\t\t\t\t<div class=\"elementor-element elementor-element-8814249 elementor-widget-laptop__width-initial elementor-widget-divider--view-line elementor-widget elementor-widget-divider\" data-id=\"8814249\" data-element_type=\"widget\" data-widget_type=\"divider.default\">\n\t\t\t\t<div class=\"elementor-widget-container\">\n\t\t\t\t\t\t\t<div class=\"elementor-divider\">\n\t\t\t<span class=\"elementor-divider-separator\">\n\t\t\t\t\t\t<\/span>\n\t\t<\/div>\n\t\t\t\t\t\t<\/div>\n\t\t\t\t<\/div>\n\t\t\t\t<div class=\"elementor-element elementor-element-96671bc elementor-widget__width-initial elementor-position-top elementor-widget elementor-widget-image-box\" data-id=\"96671bc\" data-element_type=\"widget\" data-widget_type=\"image-box.default\">\n\t\t\t\t<div class=\"elementor-widget-container\">\n\t\t\t\t\t<div class=\"elementor-image-box-wrapper\"><figure class=\"elementor-image-box-img\"><a href=\"https:\/\/bum-apeiron.com\/wp-content\/uploads\/2024\/07\/Zbornik-radova-Konferencija-BUM-2024_FINAL.pdf\" tabindex=\"-1\"><img fetchpriority=\"high\" decoding=\"async\" width=\"1175\" height=\"1649\" src=\"https:\/\/bum-apeiron.com\/wp-content\/uploads\/2024\/07\/Pages-from-Zbornik-radova-Konferencija-BUM-2024_FINAL.png\" class=\"attachment-full size-full wp-image-3058\" alt=\"\" srcset=\"https:\/\/bum-apeiron.com\/wp-content\/uploads\/2024\/07\/Pages-from-Zbornik-radova-Konferencija-BUM-2024_FINAL.png 1175w, https:\/\/bum-apeiron.com\/wp-content\/uploads\/2024\/07\/Pages-from-Zbornik-radova-Konferencija-BUM-2024_FINAL-214x300.png 214w, https:\/\/bum-apeiron.com\/wp-content\/uploads\/2024\/07\/Pages-from-Zbornik-radova-Konferencija-BUM-2024_FINAL-730x1024.png 730w, https:\/\/bum-apeiron.com\/wp-content\/uploads\/2024\/07\/Pages-from-Zbornik-radova-Konferencija-BUM-2024_FINAL-768x1078.png 768w, https:\/\/bum-apeiron.com\/wp-content\/uploads\/2024\/07\/Pages-from-Zbornik-radova-Konferencija-BUM-2024_FINAL-1094x1536.png 1094w\" sizes=\"(max-width: 1175px) 100vw, 1175px\" \/><\/a><\/figure><div class=\"elementor-image-box-content\"><h3 class=\"elementor-image-box-title\"><a href=\"https:\/\/bum-apeiron.com\/wp-content\/uploads\/2024\/07\/Zbornik-radova-Konferencija-BUM-2024_FINAL.pdf\">Zbornik radova <br>BUM 2024<br><\/a><\/h3><\/div><\/div>\t\t\t\t<\/div>\n\t\t\t\t<\/div>\n\t\t\t\t<div class=\"elementor-element elementor-element-ef8b216 elementor-widget-laptop__width-initial elementor-widget__width-initial elementor-widget-divider--view-line elementor-widget elementor-widget-divider\" data-id=\"ef8b216\" data-element_type=\"widget\" data-widget_type=\"divider.default\">\n\t\t\t\t<div class=\"elementor-widget-container\">\n\t\t\t\t\t\t\t<div class=\"elementor-divider\">\n\t\t\t<span class=\"elementor-divider-separator\">\n\t\t\t\t\t\t<\/span>\n\t\t<\/div>\n\t\t\t\t\t\t<\/div>\n\t\t\t\t<\/div>\n\t\t\t\t<div class=\"elementor-element elementor-element-079a344 elementor-widget__width-initial elementor-position-top elementor-widget elementor-widget-image-box\" data-id=\"079a344\" data-element_type=\"widget\" data-widget_type=\"image-box.default\">\n\t\t\t\t<div class=\"elementor-widget-container\">\n\t\t\t\t\t<div class=\"elementor-image-box-wrapper\"><figure class=\"elementor-image-box-img\"><a href=\"https:\/\/bum-apeiron.com\/wp-content\/uploads\/2024\/06\/SF-Zbornik-sazetaka-BUM-2024.pdf\" tabindex=\"-1\"><img decoding=\"async\" width=\"1798\" height=\"2560\" src=\"https:\/\/bum-apeiron.com\/wp-content\/uploads\/2024\/06\/SF-Zbornik-sazetaka-BUM-2024-Naslovna-scaled.jpg\" class=\"attachment-full size-full wp-image-3038\" alt=\"\" srcset=\"https:\/\/bum-apeiron.com\/wp-content\/uploads\/2024\/06\/SF-Zbornik-sazetaka-BUM-2024-Naslovna-scaled.jpg 1798w, https:\/\/bum-apeiron.com\/wp-content\/uploads\/2024\/06\/SF-Zbornik-sazetaka-BUM-2024-Naslovna-211x300.jpg 211w, https:\/\/bum-apeiron.com\/wp-content\/uploads\/2024\/06\/SF-Zbornik-sazetaka-BUM-2024-Naslovna-719x1024.jpg 719w, https:\/\/bum-apeiron.com\/wp-content\/uploads\/2024\/06\/SF-Zbornik-sazetaka-BUM-2024-Naslovna-768x1094.jpg 768w, https:\/\/bum-apeiron.com\/wp-content\/uploads\/2024\/06\/SF-Zbornik-sazetaka-BUM-2024-Naslovna-1079x1536.jpg 1079w, https:\/\/bum-apeiron.com\/wp-content\/uploads\/2024\/06\/SF-Zbornik-sazetaka-BUM-2024-Naslovna-1438x2048.jpg 1438w\" sizes=\"(max-width: 1798px) 100vw, 1798px\" \/><\/a><\/figure><div class=\"elementor-image-box-content\"><h3 class=\"elementor-image-box-title\"><a href=\"https:\/\/bum-apeiron.com\/wp-content\/uploads\/2024\/06\/SF-Zbornik-sazetaka-BUM-2024.pdf\">Zbornik sa\u017eetaka <br>BUM 2024<br><\/a><\/h3><\/div><\/div>\t\t\t\t<\/div>\n\t\t\t\t<\/div>\n\t\t\t\t<div class=\"elementor-element elementor-element-a3768f3 elementor-widget-laptop__width-initial elementor-widget__width-initial elementor-widget-divider--view-line elementor-widget elementor-widget-divider\" data-id=\"a3768f3\" data-element_type=\"widget\" data-widget_type=\"divider.default\">\n\t\t\t\t<div class=\"elementor-widget-container\">\n\t\t\t\t\t\t\t<div class=\"elementor-divider\">\n\t\t\t<span class=\"elementor-divider-separator\">\n\t\t\t\t\t\t<\/span>\n\t\t<\/div>\n\t\t\t\t\t\t<\/div>\n\t\t\t\t<\/div>\n\t\t\t\t\t<\/div>\n\t\t<\/div>\n\t\t\t\t\t<\/div>\n\t\t<\/section>\n\t\t\t\t<section class=\"elementor-section elementor-top-section elementor-element elementor-element-8feda9e elementor-section-height-min-height elementor-section-full_width elementor-hidden-mobile elementor-hidden-desktop elementor-hidden-laptop elementor-section-height-default elementor-section-items-middle wpr-particle-no wpr-jarallax-no wpr-parallax-no wpr-sticky-section-no\" data-id=\"8feda9e\" data-element_type=\"section\" data-settings=\"{&quot;background_background&quot;:&quot;classic&quot;,&quot;_ha_eqh_enable&quot;:false}\">\n\t\t\t\t\t\t<div class=\"elementor-container elementor-column-gap-default\">\n\t\t\t\t\t<div class=\"elementor-column elementor-col-100 elementor-top-column elementor-element elementor-element-6c1dfc3\" data-id=\"6c1dfc3\" data-element_type=\"column\">\n\t\t\t<div class=\"elementor-widget-wrap elementor-element-populated\">\n\t\t\t\t\t\t<div class=\"elementor-element elementor-element-90c3dce elementor-widget elementor-widget-heading\" data-id=\"90c3dce\" data-element_type=\"widget\" data-widget_type=\"heading.default\">\n\t\t\t\t<div class=\"elementor-widget-container\">\n\t\t\t\t\t<h2 class=\"elementor-heading-title elementor-size-default\"><h2 data-elementor-setting-key=\"title\" data-pen-placeholder=\"Type Here...\">ZBORNICI-PROCEEDINGS<\/h2><\/h2>\t\t\t\t<\/div>\n\t\t\t\t<\/div>\n\t\t\t\t<div class=\"elementor-element elementor-element-9d1470c elementor-widget-divider--view-line elementor-widget elementor-widget-divider\" data-id=\"9d1470c\" data-element_type=\"widget\" data-widget_type=\"divider.default\">\n\t\t\t\t<div class=\"elementor-widget-container\">\n\t\t\t\t\t\t\t<div class=\"elementor-divider\">\n\t\t\t<span class=\"elementor-divider-separator\">\n\t\t\t\t\t\t<\/span>\n\t\t<\/div>\n\t\t\t\t\t\t<\/div>\n\t\t\t\t<\/div>\n\t\t\t\t<div class=\"elementor-element elementor-element-40bf034 elementor-widget__width-initial elementor-position-top elementor-widget elementor-widget-image-box\" data-id=\"40bf034\" data-element_type=\"widget\" data-widget_type=\"image-box.default\">\n\t\t\t\t<div class=\"elementor-widget-container\">\n\t\t\t\t\t<div class=\"elementor-image-box-wrapper\"><figure class=\"elementor-image-box-img\"><a href=\"https:\/\/bum-apeiron.com\/wp-content\/uploads\/2024\/06\/SF-Zbornik-sazetaka-BUM-2024.pdf\" tabindex=\"-1\"><img decoding=\"async\" width=\"1798\" height=\"2560\" src=\"https:\/\/bum-apeiron.com\/wp-content\/uploads\/2024\/06\/SF-Zbornik-sazetaka-BUM-2024-Naslovna-scaled.jpg\" class=\"attachment-full size-full wp-image-3038\" alt=\"\" srcset=\"https:\/\/bum-apeiron.com\/wp-content\/uploads\/2024\/06\/SF-Zbornik-sazetaka-BUM-2024-Naslovna-scaled.jpg 1798w, https:\/\/bum-apeiron.com\/wp-content\/uploads\/2024\/06\/SF-Zbornik-sazetaka-BUM-2024-Naslovna-211x300.jpg 211w, https:\/\/bum-apeiron.com\/wp-content\/uploads\/2024\/06\/SF-Zbornik-sazetaka-BUM-2024-Naslovna-719x1024.jpg 719w, https:\/\/bum-apeiron.com\/wp-content\/uploads\/2024\/06\/SF-Zbornik-sazetaka-BUM-2024-Naslovna-768x1094.jpg 768w, https:\/\/bum-apeiron.com\/wp-content\/uploads\/2024\/06\/SF-Zbornik-sazetaka-BUM-2024-Naslovna-1079x1536.jpg 1079w, https:\/\/bum-apeiron.com\/wp-content\/uploads\/2024\/06\/SF-Zbornik-sazetaka-BUM-2024-Naslovna-1438x2048.jpg 1438w\" sizes=\"(max-width: 1798px) 100vw, 1798px\" \/><\/a><\/figure><div class=\"elementor-image-box-content\"><h3 class=\"elementor-image-box-title\"><a href=\"https:\/\/bum-apeiron.com\/wp-content\/uploads\/2024\/06\/SF-Zbornik-sazetaka-BUM-2024.pdf\">Zbornik sa\u017eetaka <br>BUM 2024<br><\/a><\/h3><\/div><\/div>\t\t\t\t<\/div>\n\t\t\t\t<\/div>\n\t\t\t\t<div class=\"elementor-element elementor-element-812407a elementor-widget-divider--view-line elementor-widget elementor-widget-divider\" data-id=\"812407a\" data-element_type=\"widget\" data-widget_type=\"divider.default\">\n\t\t\t\t<div class=\"elementor-widget-container\">\n\t\t\t\t\t\t\t<div class=\"elementor-divider\">\n\t\t\t<span class=\"elementor-divider-separator\">\n\t\t\t\t\t\t<\/span>\n\t\t<\/div>\n\t\t\t\t\t\t<\/div>\n\t\t\t\t<\/div>\n\t\t\t\t\t<\/div>\n\t\t<\/div>\n\t\t\t\t\t<\/div>\n\t\t<\/section>\n\t\t\t\t<section class=\"elementor-section elementor-top-section elementor-element elementor-element-5cc1241 elementor-section-height-min-height elementor-section-full_width elementor-hidden-desktop elementor-hidden-laptop elementor-hidden-tablet elementor-section-height-default elementor-section-items-middle wpr-particle-no wpr-jarallax-no wpr-parallax-no wpr-sticky-section-no\" data-id=\"5cc1241\" data-element_type=\"section\" data-settings=\"{&quot;background_background&quot;:&quot;classic&quot;,&quot;_ha_eqh_enable&quot;:false}\">\n\t\t\t\t\t\t<div class=\"elementor-container elementor-column-gap-default\">\n\t\t\t\t\t<div class=\"elementor-column elementor-col-100 elementor-top-column elementor-element elementor-element-368c4d2\" data-id=\"368c4d2\" data-element_type=\"column\">\n\t\t\t<div class=\"elementor-widget-wrap elementor-element-populated\">\n\t\t\t\t\t\t<div class=\"elementor-element elementor-element-a872718 elementor-widget elementor-widget-heading\" data-id=\"a872718\" data-element_type=\"widget\" data-widget_type=\"heading.default\">\n\t\t\t\t<div class=\"elementor-widget-container\">\n\t\t\t\t\t<h2 class=\"elementor-heading-title elementor-size-default\"><h2 data-elementor-setting-key=\"title\" data-pen-placeholder=\"Type Here...\">ZBORNICI-PROCEEDINGS<\/h2><\/h2>\t\t\t\t<\/div>\n\t\t\t\t<\/div>\n\t\t\t\t<div class=\"elementor-element elementor-element-5dc7718 elementor-widget-divider--view-line elementor-widget elementor-widget-divider\" data-id=\"5dc7718\" data-element_type=\"widget\" data-widget_type=\"divider.default\">\n\t\t\t\t<div class=\"elementor-widget-container\">\n\t\t\t\t\t\t\t<div class=\"elementor-divider\">\n\t\t\t<span class=\"elementor-divider-separator\">\n\t\t\t\t\t\t<\/span>\n\t\t<\/div>\n\t\t\t\t\t\t<\/div>\n\t\t\t\t<\/div>\n\t\t\t\t<div class=\"elementor-element elementor-element-34344b8 elementor-widget__width-initial elementor-position-top elementor-widget elementor-widget-image-box\" data-id=\"34344b8\" data-element_type=\"widget\" data-widget_type=\"image-box.default\">\n\t\t\t\t<div class=\"elementor-widget-container\">\n\t\t\t\t\t<div class=\"elementor-image-box-wrapper\"><figure class=\"elementor-image-box-img\"><a href=\"https:\/\/bum-apeiron.com\/wp-content\/uploads\/2024\/06\/SF-Zbornik-sazetaka-BUM-2024.pdf\" tabindex=\"-1\"><img decoding=\"async\" width=\"1798\" height=\"2560\" src=\"https:\/\/bum-apeiron.com\/wp-content\/uploads\/2024\/06\/SF-Zbornik-sazetaka-BUM-2024-Naslovna-scaled.jpg\" class=\"attachment-full size-full wp-image-3038\" alt=\"\" srcset=\"https:\/\/bum-apeiron.com\/wp-content\/uploads\/2024\/06\/SF-Zbornik-sazetaka-BUM-2024-Naslovna-scaled.jpg 1798w, https:\/\/bum-apeiron.com\/wp-content\/uploads\/2024\/06\/SF-Zbornik-sazetaka-BUM-2024-Naslovna-211x300.jpg 211w, https:\/\/bum-apeiron.com\/wp-content\/uploads\/2024\/06\/SF-Zbornik-sazetaka-BUM-2024-Naslovna-719x1024.jpg 719w, https:\/\/bum-apeiron.com\/wp-content\/uploads\/2024\/06\/SF-Zbornik-sazetaka-BUM-2024-Naslovna-768x1094.jpg 768w, https:\/\/bum-apeiron.com\/wp-content\/uploads\/2024\/06\/SF-Zbornik-sazetaka-BUM-2024-Naslovna-1079x1536.jpg 1079w, https:\/\/bum-apeiron.com\/wp-content\/uploads\/2024\/06\/SF-Zbornik-sazetaka-BUM-2024-Naslovna-1438x2048.jpg 1438w\" sizes=\"(max-width: 1798px) 100vw, 1798px\" \/><\/a><\/figure><div class=\"elementor-image-box-content\"><h3 class=\"elementor-image-box-title\"><a href=\"https:\/\/bum-apeiron.com\/wp-content\/uploads\/2024\/06\/SF-Zbornik-sazetaka-BUM-2024.pdf\">Zbornik sa\u017eetaka <br>BUM 2024<br><\/a><\/h3><\/div><\/div>\t\t\t\t<\/div>\n\t\t\t\t<\/div>\n\t\t\t\t<div class=\"elementor-element elementor-element-8cbc8bc elementor-widget-divider--view-line elementor-widget elementor-widget-divider\" data-id=\"8cbc8bc\" data-element_type=\"widget\" data-widget_type=\"divider.default\">\n\t\t\t\t<div class=\"elementor-widget-container\">\n\t\t\t\t\t\t\t<div class=\"elementor-divider\">\n\t\t\t<span class=\"elementor-divider-separator\">\n\t\t\t\t\t\t<\/span>\n\t\t<\/div>\n\t\t\t\t\t\t<\/div>\n\t\t\t\t<\/div>\n\t\t\t\t\t<\/div>\n\t\t<\/div>\n\t\t\t\t\t<\/div>\n\t\t<\/section>\n\t\t\t\t<\/div>\n\t\t","protected":false},"excerpt":{"rendered":"<p>ZBORNICI-PROCEEDINGS Zbornik radova BUM 2024 Zbornik sa\u017eetaka BUM 2024 ZBORNICI-PROCEEDINGS Zbornik sa\u017eetaka BUM 2024 ZBORNICI-PROCEEDINGS Zbornik sa\u017eetaka BUM 2024<\/p>\n","protected":false},"author":1,"featured_media":0,"parent":0,"menu_order":0,"comment_status":"closed","ping_status":"closed","template":"elementor_header_footer","meta":{"footnotes":""},"class_list":["post-3029","page","type-page","status-publish","hentry"],"yoast_head":"<!-- This site is optimized with the Yoast SEO plugin v26.6 - https:\/\/yoast.com\/wordpress\/plugins\/seo\/ -->\n<title>Zbornici-Proceedings - BUM<\/title>\n<meta name=\"robots\" content=\"index, follow, max-snippet:-1, max-image-preview:large, max-video-preview:-1\" \/>\n<link rel=\"canonical\" href=\"https:\/\/bum-apeiron.com\/index.php\/zbornici-proceedings\/\" \/>\n<meta property=\"og:locale\" content=\"en_US\" \/>\n<meta property=\"og:type\" content=\"article\" \/>\n<meta property=\"og:title\" content=\"Zbornici-Proceedings - BUM\" \/>\n<meta property=\"og:description\" content=\"ZBORNICI-PROCEEDINGS Zbornik radova BUM 2024 Zbornik sa\u017eetaka BUM 2024 ZBORNICI-PROCEEDINGS Zbornik sa\u017eetaka BUM 2024 ZBORNICI-PROCEEDINGS Zbornik sa\u017eetaka BUM 2024\" \/>\n<meta property=\"og:url\" content=\"https:\/\/bum-apeiron.com\/index.php\/zbornici-proceedings\/\" \/>\n<meta property=\"og:site_name\" content=\"BUM\" \/>\n<meta property=\"article:modified_time\" content=\"2024-07-23T10:17:06+00:00\" \/>\n<meta property=\"og:image\" content=\"https:\/\/bum-apeiron.com\/wp-content\/uploads\/2024\/07\/Pages-from-Zbornik-radova-Konferencija-BUM-2024_FINAL.png\" \/>\n<meta name=\"twitter:card\" content=\"summary_large_image\" \/>\n<meta name=\"twitter:label1\" content=\"Est. reading time\" \/>\n\t<meta name=\"twitter:data1\" content=\"1 minute\" \/>\n<script type=\"application\/ld+json\" class=\"yoast-schema-graph\">{\"@context\":\"https:\/\/schema.org\",\"@graph\":[{\"@type\":\"WebPage\",\"@id\":\"https:\/\/bum-apeiron.com\/index.php\/zbornici-proceedings\/\",\"url\":\"https:\/\/bum-apeiron.com\/index.php\/zbornici-proceedings\/\",\"name\":\"Zbornici-Proceedings - BUM\",\"isPartOf\":{\"@id\":\"https:\/\/bum-apeiron.com\/#website\"},\"primaryImageOfPage\":{\"@id\":\"https:\/\/bum-apeiron.com\/index.php\/zbornici-proceedings\/#primaryimage\"},\"image\":{\"@id\":\"https:\/\/bum-apeiron.com\/index.php\/zbornici-proceedings\/#primaryimage\"},\"thumbnailUrl\":\"https:\/\/bum-apeiron.com\/wp-content\/uploads\/2024\/07\/Pages-from-Zbornik-radova-Konferencija-BUM-2024_FINAL.png\",\"datePublished\":\"2024-06-10T11:25:43+00:00\",\"dateModified\":\"2024-07-23T10:17:06+00:00\",\"breadcrumb\":{\"@id\":\"https:\/\/bum-apeiron.com\/index.php\/zbornici-proceedings\/#breadcrumb\"},\"inLanguage\":\"en-US\",\"potentialAction\":[{\"@type\":\"ReadAction\",\"target\":[\"https:\/\/bum-apeiron.com\/index.php\/zbornici-proceedings\/\"]}]},{\"@type\":\"ImageObject\",\"inLanguage\":\"en-US\",\"@id\":\"https:\/\/bum-apeiron.com\/index.php\/zbornici-proceedings\/#primaryimage\",\"url\":\"https:\/\/bum-apeiron.com\/wp-content\/uploads\/2024\/07\/Pages-from-Zbornik-radova-Konferencija-BUM-2024_FINAL.png\",\"contentUrl\":\"https:\/\/bum-apeiron.com\/wp-content\/uploads\/2024\/07\/Pages-from-Zbornik-radova-Konferencija-BUM-2024_FINAL.png\",\"width\":1175,\"height\":1649},{\"@type\":\"BreadcrumbList\",\"@id\":\"https:\/\/bum-apeiron.com\/index.php\/zbornici-proceedings\/#breadcrumb\",\"itemListElement\":[{\"@type\":\"ListItem\",\"position\":1,\"name\":\"Home\",\"item\":\"https:\/\/bum-apeiron.com\/\"},{\"@type\":\"ListItem\",\"position\":2,\"name\":\"Zbornici-Proceedings\"}]},{\"@type\":\"WebSite\",\"@id\":\"https:\/\/bum-apeiron.com\/#website\",\"url\":\"https:\/\/bum-apeiron.com\/\",\"name\":\"BUM\",\"description\":\"\",\"potentialAction\":[{\"@type\":\"SearchAction\",\"target\":{\"@type\":\"EntryPoint\",\"urlTemplate\":\"https:\/\/bum-apeiron.com\/?s={search_term_string}\"},\"query-input\":{\"@type\":\"PropertyValueSpecification\",\"valueRequired\":true,\"valueName\":\"search_term_string\"}}],\"inLanguage\":\"en-US\"}]}<\/script>\n<!-- \/ Yoast SEO plugin. -->","yoast_head_json":{"title":"Zbornici-Proceedings - BUM","robots":{"index":"index","follow":"follow","max-snippet":"max-snippet:-1","max-image-preview":"max-image-preview:large","max-video-preview":"max-video-preview:-1"},"canonical":"https:\/\/bum-apeiron.com\/index.php\/zbornici-proceedings\/","og_locale":"en_US","og_type":"article","og_title":"Zbornici-Proceedings - BUM","og_description":"ZBORNICI-PROCEEDINGS Zbornik radova BUM 2024 Zbornik sa\u017eetaka BUM 2024 ZBORNICI-PROCEEDINGS Zbornik sa\u017eetaka BUM 2024 ZBORNICI-PROCEEDINGS Zbornik sa\u017eetaka BUM 2024","og_url":"https:\/\/bum-apeiron.com\/index.php\/zbornici-proceedings\/","og_site_name":"BUM","article_modified_time":"2024-07-23T10:17:06+00:00","og_image":[{"url":"https:\/\/bum-apeiron.com\/wp-content\/uploads\/2024\/07\/Pages-from-Zbornik-radova-Konferencija-BUM-2024_FINAL.png","type":"","width":"","height":""}],"twitter_card":"summary_large_image","twitter_misc":{"Est. reading time":"1 minute"},"schema":{"@context":"https:\/\/schema.org","@graph":[{"@type":"WebPage","@id":"https:\/\/bum-apeiron.com\/index.php\/zbornici-proceedings\/","url":"https:\/\/bum-apeiron.com\/index.php\/zbornici-proceedings\/","name":"Zbornici-Proceedings - BUM","isPartOf":{"@id":"https:\/\/bum-apeiron.com\/#website"},"primaryImageOfPage":{"@id":"https:\/\/bum-apeiron.com\/index.php\/zbornici-proceedings\/#primaryimage"},"image":{"@id":"https:\/\/bum-apeiron.com\/index.php\/zbornici-proceedings\/#primaryimage"},"thumbnailUrl":"https:\/\/bum-apeiron.com\/wp-content\/uploads\/2024\/07\/Pages-from-Zbornik-radova-Konferencija-BUM-2024_FINAL.png","datePublished":"2024-06-10T11:25:43+00:00","dateModified":"2024-07-23T10:17:06+00:00","breadcrumb":{"@id":"https:\/\/bum-apeiron.com\/index.php\/zbornici-proceedings\/#breadcrumb"},"inLanguage":"en-US","potentialAction":[{"@type":"ReadAction","target":["https:\/\/bum-apeiron.com\/index.php\/zbornici-proceedings\/"]}]},{"@type":"ImageObject","inLanguage":"en-US","@id":"https:\/\/bum-apeiron.com\/index.php\/zbornici-proceedings\/#primaryimage","url":"https:\/\/bum-apeiron.com\/wp-content\/uploads\/2024\/07\/Pages-from-Zbornik-radova-Konferencija-BUM-2024_FINAL.png","contentUrl":"https:\/\/bum-apeiron.com\/wp-content\/uploads\/2024\/07\/Pages-from-Zbornik-radova-Konferencija-BUM-2024_FINAL.png","width":1175,"height":1649},{"@type":"BreadcrumbList","@id":"https:\/\/bum-apeiron.com\/index.php\/zbornici-proceedings\/#breadcrumb","itemListElement":[{"@type":"ListItem","position":1,"name":"Home","item":"https:\/\/bum-apeiron.com\/"},{"@type":"ListItem","position":2,"name":"Zbornici-Proceedings"}]},{"@type":"WebSite","@id":"https:\/\/bum-apeiron.com\/#website","url":"https:\/\/bum-apeiron.com\/","name":"BUM","description":"","potentialAction":[{"@type":"SearchAction","target":{"@type":"EntryPoint","urlTemplate":"https:\/\/bum-apeiron.com\/?s={search_term_string}"},"query-input":{"@type":"PropertyValueSpecification","valueRequired":true,"valueName":"search_term_string"}}],"inLanguage":"en-US"}]}},"_links":{"self":[{"href":"https:\/\/bum-apeiron.com\/index.php\/wp-json\/wp\/v2\/pages\/3029","targetHints":{"allow":["GET"]}}],"collection":[{"href":"https:\/\/bum-apeiron.com\/index.php\/wp-json\/wp\/v2\/pages"}],"about":[{"href":"https:\/\/bum-apeiron.com\/index.php\/wp-json\/wp\/v2\/types\/page"}],"author":[{"embeddable":true,"href":"https:\/\/bum-apeiron.com\/index.php\/wp-json\/wp\/v2\/users\/1"}],"replies":[{"embeddable":true,"href":"https:\/\/bum-apeiron.com\/index.php\/wp-json\/wp\/v2\/comments?post=3029"}],"version-history":[{"count":14,"href":"https:\/\/bum-apeiron.com\/index.php\/wp-json\/wp\/v2\/pages\/3029\/revisions"}],"predecessor-version":[{"id":3061,"href":"https:\/\/bum-apeiron.com\/index.php\/wp-json\/wp\/v2\/pages\/3029\/revisions\/3061"}],"wp:attachment":[{"href":"https:\/\/bum-apeiron.com\/index.php\/wp-json\/wp\/v2\/media?parent=3029"}],"curies":[{"name":"wp","href":"https:\/\/api.w.org\/{rel}","templated":true}]}}